{"id":9734,"date":"2025-10-28T09:24:11","date_gmt":"2025-10-28T08:24:11","guid":{"rendered":"https:\/\/www.misapor.ch\/demande-disolation-perimetrique\/"},"modified":"2026-03-30T11:19:55","modified_gmt":"2026-03-30T09:19:55","slug":"demande-disolation-perimetrique","status":"publish","type":"page","link":"https:\/\/www.misapor.ch\/fr\/demande-disolation-perimetrique\/","title":{"rendered":"Demande d&rsquo;isolation p\u00e9rim\u00e9trique"},"content":{"rendered":"\t\t<div data-elementor-type=\"wp-page\" data-elementor-id=\"9734\" class=\"elementor elementor-9734 elementor-8786\" data-elementor-post-type=\"page\">\n\t\t\t\t<div class=\"elementor-element elementor-element-9fca5e7 e-flex e-con-boxed e-con e-parent\" data-id=\"9fca5e7\" data-element_type=\"container\" data-e-type=\"container\">\n\t\t\t\t\t<div class=\"e-con-inner\">\n\t\t\t\t<div class=\"elementor-element elementor-element-1a206d1 elementor-widget elementor-widget-heading\" data-id=\"1a206d1\" data-element_type=\"widget\" data-e-type=\"widget\" data-widget_type=\"heading.default\">\n\t\t\t\t<div class=\"elementor-widget-container\">\n\t\t\t\t\t<h1 class=\"elementor-heading-title elementor-size-default\">\u00c7a a super bien march\u00e9!<\/h1>\t\t\t\t<\/div>\n\t\t\t\t<\/div>\n\t\t\t\t<div class=\"elementor-element elementor-element-64c7d61 elementor-widget elementor-widget-text-editor\" data-id=\"64c7d61\" data-element_type=\"widget\" data-e-type=\"widget\" data-widget_type=\"text-editor.default\">\n\t\t\t\t<div class=\"elementor-widget-container\">\n\t\t\t\t\t\t\t\t\t<p>Nous avons bien re\u00e7u votre demande et nous vous r\u00e9pondrons dans les plus brefs d\u00e9lais.<\/p>\t\t\t\t\t\t\t\t<\/div>\n\t\t\t\t<\/div>\n\t\t\t\t\t<\/div>\n\t\t\t\t<\/div>\n\t\t\t\t<\/div>\n\t\t","protected":false},"excerpt":{"rendered":"<p>\u00c7a a super bien march\u00e9! Nous avons bien re\u00e7u votre demande et nous vous r\u00e9pondrons dans les plus brefs d\u00e9lais.<\/p>\n","protected":false},"author":1,"featured_media":0,"parent":0,"menu_order":0,"comment_status":"closed","ping_status":"closed","template":"","meta":{"_acf_changed":false,"_relevanssi_hide_post":"","_relevanssi_hide_content":"","_relevanssi_pin_for_all":"","_relevanssi_pin_keywords":"","_relevanssi_unpin_keywords":"","_relevanssi_related_keywords":"","_relevanssi_related_include_ids":"","_relevanssi_related_exclude_ids":"","_relevanssi_related_no_append":"","_relevanssi_related_not_related":"","_relevanssi_related_posts":"","_relevanssi_noindex_reason":"","footnotes":""},"anwendung":[],"landingpage":[],"class_list":["post-9734","page","type-page","status-publish","hentry"],"acf":[],"yoast_head":"<!-- This site is optimized with the Yoast SEO plugin v27.2 - https:\/\/yoast.com\/product\/yoast-seo-wordpress\/ -->\n<title>Demande d&#039;isolation p\u00e9rim\u00e9trique - Misapor<\/title>\n<meta name=\"robots\" content=\"index, follow, max-snippet:-1, max-image-preview:large, max-video-preview:-1\" \/>\n<link rel=\"canonical\" href=\"https:\/\/www.misapor.ch\/fr\/demande-disolation-perimetrique\/\" \/>\n<meta property=\"og:locale\" content=\"fr_FR\" \/>\n<meta property=\"og:type\" content=\"article\" \/>\n<meta property=\"og:title\" content=\"Demande d&#039;isolation p\u00e9rim\u00e9trique - Misapor\" \/>\n<meta property=\"og:description\" content=\"\u00c7a a super bien march\u00e9! Nous avons bien re\u00e7u votre demande et nous vous r\u00e9pondrons dans les plus brefs d\u00e9lais.\" \/>\n<meta property=\"og:url\" content=\"https:\/\/www.misapor.ch\/fr\/demande-disolation-perimetrique\/\" \/>\n<meta property=\"og:site_name\" content=\"Misapor\" \/>\n<meta property=\"article:modified_time\" content=\"2026-03-30T09:19:55+00:00\" \/>\n<meta name=\"twitter:card\" content=\"summary_large_image\" \/>\n<script type=\"application\/ld+json\" class=\"yoast-schema-graph\">{\"@context\":\"https:\/\/schema.org\",\"@graph\":[{\"@type\":\"WebPage\",\"@id\":\"https:\/\/www.misapor.ch\/fr\/demande-disolation-perimetrique\/\",\"url\":\"https:\/\/www.misapor.ch\/fr\/demande-disolation-perimetrique\/\",\"name\":\"Demande d'isolation p\u00e9rim\u00e9trique - Misapor\",\"isPartOf\":{\"@id\":\"https:\/\/www.misapor.ch\/fr\/#website\"},\"datePublished\":\"2025-10-28T08:24:11+00:00\",\"dateModified\":\"2026-03-30T09:19:55+00:00\",\"breadcrumb\":{\"@id\":\"https:\/\/www.misapor.ch\/fr\/demande-disolation-perimetrique\/#breadcrumb\"},\"inLanguage\":\"fr-FR\",\"potentialAction\":[{\"@type\":\"ReadAction\",\"target\":[\"https:\/\/www.misapor.ch\/fr\/demande-disolation-perimetrique\/\"]}]},{\"@type\":\"BreadcrumbList\",\"@id\":\"https:\/\/www.misapor.ch\/fr\/demande-disolation-perimetrique\/#breadcrumb\",\"itemListElement\":[{\"@type\":\"ListItem\",\"position\":1,\"name\":\"Startseite\",\"item\":\"https:\/\/www.misapor.ch\/fr\/\"},{\"@type\":\"ListItem\",\"position\":2,\"name\":\"Demande d&#8217;isolation p\u00e9rim\u00e9trique\"}]},{\"@type\":\"WebSite\",\"@id\":\"https:\/\/www.misapor.ch\/fr\/#website\",\"url\":\"https:\/\/www.misapor.ch\/fr\/\",\"name\":\"Misapor\",\"description\":\"\",\"publisher\":{\"@id\":\"https:\/\/www.misapor.ch\/fr\/#organization\"},\"potentialAction\":[{\"@type\":\"SearchAction\",\"target\":{\"@type\":\"EntryPoint\",\"urlTemplate\":\"https:\/\/www.misapor.ch\/fr\/?s={search_term_string}\"},\"query-input\":{\"@type\":\"PropertyValueSpecification\",\"valueRequired\":true,\"valueName\":\"search_term_string\"}}],\"inLanguage\":\"fr-FR\"},{\"@type\":\"Organization\",\"@id\":\"https:\/\/www.misapor.ch\/fr\/#organization\",\"name\":\"Misapor\",\"url\":\"https:\/\/www.misapor.ch\/fr\/\",\"logo\":{\"@type\":\"ImageObject\",\"inLanguage\":\"fr-FR\",\"@id\":\"https:\/\/www.misapor.ch\/fr\/#\/schema\/logo\/image\/\",\"url\":\"https:\/\/www.misapor.ch\/wp-content\/uploads\/system\/logo\/Logo_cmyk.svg\",\"contentUrl\":\"https:\/\/www.misapor.ch\/wp-content\/uploads\/system\/logo\/Logo_cmyk.svg\",\"width\":265,\"height\":49,\"caption\":\"Misapor\"},\"image\":{\"@id\":\"https:\/\/www.misapor.ch\/fr\/#\/schema\/logo\/image\/\"}}]}<\/script>\n<!-- \/ Yoast SEO plugin. -->","yoast_head_json":{"title":"Demande d'isolation p\u00e9rim\u00e9trique - Misapor","robots":{"index":"index","follow":"follow","max-snippet":"max-snippet:-1","max-image-preview":"max-image-preview:large","max-video-preview":"max-video-preview:-1"},"canonical":"https:\/\/www.misapor.ch\/fr\/demande-disolation-perimetrique\/","og_locale":"fr_FR","og_type":"article","og_title":"Demande d'isolation p\u00e9rim\u00e9trique - Misapor","og_description":"\u00c7a a super bien march\u00e9! Nous avons bien re\u00e7u votre demande et nous vous r\u00e9pondrons dans les plus brefs d\u00e9lais.","og_url":"https:\/\/www.misapor.ch\/fr\/demande-disolation-perimetrique\/","og_site_name":"Misapor","article_modified_time":"2026-03-30T09:19:55+00:00","twitter_card":"summary_large_image","schema":{"@context":"https:\/\/schema.org","@graph":[{"@type":"WebPage","@id":"https:\/\/www.misapor.ch\/fr\/demande-disolation-perimetrique\/","url":"https:\/\/www.misapor.ch\/fr\/demande-disolation-perimetrique\/","name":"Demande d'isolation p\u00e9rim\u00e9trique - Misapor","isPartOf":{"@id":"https:\/\/www.misapor.ch\/fr\/#website"},"datePublished":"2025-10-28T08:24:11+00:00","dateModified":"2026-03-30T09:19:55+00:00","breadcrumb":{"@id":"https:\/\/www.misapor.ch\/fr\/demande-disolation-perimetrique\/#breadcrumb"},"inLanguage":"fr-FR","potentialAction":[{"@type":"ReadAction","target":["https:\/\/www.misapor.ch\/fr\/demande-disolation-perimetrique\/"]}]},{"@type":"BreadcrumbList","@id":"https:\/\/www.misapor.ch\/fr\/demande-disolation-perimetrique\/#breadcrumb","itemListElement":[{"@type":"ListItem","position":1,"name":"Startseite","item":"https:\/\/www.misapor.ch\/fr\/"},{"@type":"ListItem","position":2,"name":"Demande d&#8217;isolation p\u00e9rim\u00e9trique"}]},{"@type":"WebSite","@id":"https:\/\/www.misapor.ch\/fr\/#website","url":"https:\/\/www.misapor.ch\/fr\/","name":"Misapor","description":"","publisher":{"@id":"https:\/\/www.misapor.ch\/fr\/#organization"},"potentialAction":[{"@type":"SearchAction","target":{"@type":"EntryPoint","urlTemplate":"https:\/\/www.misapor.ch\/fr\/?s={search_term_string}"},"query-input":{"@type":"PropertyValueSpecification","valueRequired":true,"valueName":"search_term_string"}}],"inLanguage":"fr-FR"},{"@type":"Organization","@id":"https:\/\/www.misapor.ch\/fr\/#organization","name":"Misapor","url":"https:\/\/www.misapor.ch\/fr\/","logo":{"@type":"ImageObject","inLanguage":"fr-FR","@id":"https:\/\/www.misapor.ch\/fr\/#\/schema\/logo\/image\/","url":"https:\/\/www.misapor.ch\/wp-content\/uploads\/system\/logo\/Logo_cmyk.svg","contentUrl":"https:\/\/www.misapor.ch\/wp-content\/uploads\/system\/logo\/Logo_cmyk.svg","width":265,"height":49,"caption":"Misapor"},"image":{"@id":"https:\/\/www.misapor.ch\/fr\/#\/schema\/logo\/image\/"}}]}},"_links":{"self":[{"href":"https:\/\/www.misapor.ch\/fr\/wp-json\/wp\/v2\/pages\/9734","targetHints":{"allow":["GET"]}}],"collection":[{"href":"https:\/\/www.misapor.ch\/fr\/wp-json\/wp\/v2\/pages"}],"about":[{"href":"https:\/\/www.misapor.ch\/fr\/wp-json\/wp\/v2\/types\/page"}],"author":[{"embeddable":true,"href":"https:\/\/www.misapor.ch\/fr\/wp-json\/wp\/v2\/users\/1"}],"replies":[{"embeddable":true,"href":"https:\/\/www.misapor.ch\/fr\/wp-json\/wp\/v2\/comments?post=9734"}],"version-history":[{"count":1,"href":"https:\/\/www.misapor.ch\/fr\/wp-json\/wp\/v2\/pages\/9734\/revisions"}],"predecessor-version":[{"id":9735,"href":"https:\/\/www.misapor.ch\/fr\/wp-json\/wp\/v2\/pages\/9734\/revisions\/9735"}],"wp:attachment":[{"href":"https:\/\/www.misapor.ch\/fr\/wp-json\/wp\/v2\/media?parent=9734"}],"wp:term":[{"taxonomy":"anwendung","embeddable":true,"href":"https:\/\/www.misapor.ch\/fr\/wp-json\/wp\/v2\/anwendung?post=9734"},{"taxonomy":"landingpage","embeddable":true,"href":"https:\/\/www.misapor.ch\/fr\/wp-json\/wp\/v2\/landingpage?post=9734"}],"curies":[{"name":"wp","href":"https:\/\/api.w.org\/{rel}","templated":true}]}}